{"id":536,"date":"2016-10-13T07:04:03","date_gmt":"2016-10-13T07:04:03","guid":{"rendered":"http:\/\/localhost\/dotted\/?page_id=536"},"modified":"2020-01-16T10:08:52","modified_gmt":"2020-01-16T10:08:52","slug":"brillosur-servicios-de-limpieza-sl","status":"publish","type":"page","link":"https:\/\/brillosur.es\/","title":{"rendered":"Brillosur Servicios de Limpieza S.L. &#8211; Tratado de suelos, hormig\u00f3n, litio, epoxi&#8230;"},"content":{"rendered":"<p>[vc_row fullwidth=\u00bbyes\u00bb css=\u00bb.vc_custom_1477026057622{padding-top: 0px !important;padding-bottom: 0px !important;}\u00bb][vc_column][layerslider_vc id=\u00bb3&#8243;][\/vc_column][\/vc_row][vc_row][vc_column][vc_row_inner][vc_column_inner width=\u00bb2\/3&#8243;][vc_custom_heading text=\u00bbTRATAMIENTOS HARD FLOOR LITHIUM &#8211; SECTOR DE LIMPIEZA\u00bb font_container=\u00bbtag:h2|text_align:center\u00bb use_theme_fonts=\u00bbyes\u00bb css=\u00bb.vc_custom_1570174434280{margin-bottom: 25px !important;}\u00bb link=\u00bburl:https%3A%2F%2Fbrillosur.es%2Findex.php%2Ftratamientos-hard-floor-lithium%2F|||\u00bb][\/vc_column_inner][vc_column_inner width=\u00bb1\/3&#8243;][vc_btn title=\u00bb+ INFO\u00bb color=\u00bbdanger\u00bb link=\u00bburl:https%3A%2F%2Fbrillosur.es%2Findex.php%2Ftratamientos-hard-floor-lithium%2F|||\u00bb][\/vc_column_inner][\/vc_row_inner][vc_separator style=\u00bbdouble\u00bb][vc_empty_space][vc_column_text]<\/p>\n<h3>Somos l\u00edderes en el sector de limpieza. Se trata de un proceso mec\u00e1nico y qu\u00edmico para la recuperaci\u00f3n de suelos de hormig\u00f3n por el que conseguimos dotar de nueva vida a suelos gastados y maltratados.<\/h3>\n<h3>As\u00ed pues, a trav\u00e9s de herramientas diamantadas y el uso de densificadores conseguimos rejuvenecer pavimentos deteriorados y gastados por el paso del tiempo y la actividad diaria.<\/h3>\n<h3>Como resultado, es un suelo ecol\u00f3gico resultado de densificar y sellar el pavimento con productos qu\u00edmicos respetuosos con el medioambiente que cumple adem\u00e1s con las normativas en materia sanitaria y de alimentaci\u00f3n.<\/h3>\n<p>[\/vc_column_text][\/vc_column][\/vc_row][vc_row css=\u00bb.vc_custom_1476342544923{background-color: #f2f2f2 !important;}\u00bb][vc_column width=\u00bb1\/2&#8243;][vc_custom_heading text=\u00bbAUMENTO DE LA RESISISTENCIA, A LA ABRASI\u00d3N Y AL IMPACTO\u00bb font_container=\u00bbtag:h4|text_align:center\u00bb][vc_empty_space height=\u00bb26px\u00bb][vc_empty_space height=\u00bb22px\u00bb][vc_single_image image=\u00bb1132&#8243; img_size=\u00bb700&#215;400&#8243; alignment=\u00bbcenter\u00bb][vc_empty_space][vc_tta_accordion active_section=\u00bb1&#8243;][vc_tta_section title=\u00bb+ INFO\u00bb tab_id=\u00bb1565202642818-3269d9cf-e245&#8243;][vc_column_text]<\/p>\n<h4>El incremento que se produce respecto a la resistencia a la abrasi\u00f3n inicial es de hasta un 400% y respecto al impacto de hasta un 20 %.<\/h4>\n<p>[\/vc_column_text][\/vc_tta_section][\/vc_tta_accordion][\/vc_column][vc_column width=\u00bb1\/2&#8243;][vc_custom_heading text=\u00bbMAYOR DURABILIDAD DE LA SOLER\u00cdA\u00bb font_container=\u00bbtag:h4|text_align:center\u00bb][vc_empty_space height=\u00bb26px\u00bb][vc_empty_space height=\u00bb26px\u00bb][vc_single_image image=\u00bb1133&#8243; img_size=\u00bb700&#215;400&#8243; alignment=\u00bbcenter\u00bb][vc_empty_space][vc_tta_accordion][vc_tta_section title=\u00bb+ INFO\u00bb tab_id=\u00bb1565203579634-0bae3778-39fb\u00bb][vc_column_text]<\/p>\n<h4>Nuestro qu\u00edmico reacciona con el hormig\u00f3n hasta una profundidad de 5mm creando cristales tetra\u00e9dricos que se integran como parte de la composici\u00f3n del mismo, rellenan sus capilares y alargan su vida.<\/h4>\n<p>[\/vc_column_text][\/vc_tta_section][\/vc_tta_accordion][\/vc_column][\/vc_row][vc_row css=\u00bb.vc_custom_1476342544923{background-color: #f2f2f2 !important;}\u00bb][vc_column width=\u00bb1\/2&#8243;][vc_custom_heading text=\u00bbCOMPAGINABLE CON LA ACTIVIDAD DE LA EMPRESA\u00bb font_container=\u00bbtag:h4|text_align:center\u00bb][vc_empty_space height=\u00bb26px\u00bb][vc_empty_space height=\u00bb22px\u00bb][vc_single_image image=\u00bb1152&#8243; img_size=\u00bb700&#215;400&#8243; alignment=\u00bbcenter\u00bb][vc_empty_space][vc_tta_accordion][vc_tta_section title=\u00bb+ INFO\u00bb tab_id=\u00bb1565203648685-ddfd9ac9-e5fd\u00bb][vc_column_text]<\/p>\n<h4>No es necesario planificar periodos de inactividad, su empresa puede continuar con su actividad principal sin interferencia.<\/h4>\n<p>[\/vc_column_text][\/vc_tta_section][\/vc_tta_accordion][\/vc_column][vc_column width=\u00bb1\/2&#8243;][vc_custom_heading text=\u00bbMANTENIMIENTO REDUCIDO\u00bb font_container=\u00bbtag:h4|text_align:center\u00bb][vc_empty_space height=\u00bb26px\u00bb][vc_empty_space height=\u00bb26px\u00bb][vc_single_image image=\u00bb1134&#8243; img_size=\u00bb700&#215;400&#8243; alignment=\u00bbcenter\u00bb][vc_empty_space][vc_tta_accordion][vc_tta_section title=\u00bb+ INFO\u00bb tab_id=\u00bb1565203838955-97856e3e-6ee5&#8243;][vc_column_text]<\/p>\n<h4>La conservaci\u00f3n tiene un coste m\u00ednimo porque no hay ning\u00fan revestimiento que haya que decapar o sustituir. Requiere un mantenimiento sencillo.<\/h4>\n<p>[\/vc_column_text][\/vc_tta_section][\/vc_tta_accordion][\/vc_column][\/vc_row][vc_row css=\u00bb.vc_custom_1476342544923{background-color: #f2f2f2 !important;}\u00bb][vc_column width=\u00bb1\/2&#8243;][vc_custom_heading text=\u00bbFACILIDAD DE LIMPIEZA\u00bb font_container=\u00bbtag:h4|text_align:center\u00bb][vc_empty_space height=\u00bb26px\u00bb][vc_empty_space height=\u00bb22px\u00bb][vc_single_image image=\u00bb1135&#8243; img_size=\u00bb700&#215;400&#8243; alignment=\u00bbcenter\u00bb][vc_empty_space][vc_tta_accordion][vc_tta_section title=\u00bb+ INFO\u00bb tab_id=\u00bb1565203937954-6d96ba60-f600&#8243;][vc_column_text]<\/p>\n<h4>El cierre del poro y la densificaci\u00f3n de la superficie dificultan la penetraci\u00f3n de la suciedad en el pavimento.<\/h4>\n<p>[\/vc_column_text][\/vc_tta_section][\/vc_tta_accordion][\/vc_column][vc_column width=\u00bb1\/2&#8243;][vc_custom_heading text=\u00bbAHORRO ENERG\u00c9TICO\u00bb font_container=\u00bbtag:h4|text_align:center\u00bb][vc_empty_space height=\u00bb26px\u00bb][vc_empty_space height=\u00bb26px\u00bb][vc_single_image image=\u00bb1136&#8243; img_size=\u00bb700&#215;400&#8243; alignment=\u00bbcenter\u00bb][vc_empty_space][vc_tta_accordion][vc_tta_section title=\u00bb+ INFO\u00bb tab_id=\u00bb1565203994321-376c93a5-d531&#8243;][vc_column_text]<\/p>\n<h4>Aumenta la reflectividad de la luz hasta un 30 %, lo que significa un ahorro susutancial en el gasto energ\u00e9tico derivado de la iluminaci\u00f3n de las instalaciones.<\/h4>\n<p>[\/vc_column_text][\/vc_tta_section][\/vc_tta_accordion][\/vc_column][\/vc_row][vc_row css=\u00bb.vc_custom_1476342544923{background-color: #f2f2f2 !important;}\u00bb][vc_column width=\u00bb1\/2&#8243;][vc_custom_heading text=\u00bbGARANT\u00cdA ANTIPOLVO\u00bb font_container=\u00bbtag:h4|text_align:center\u00bb][vc_empty_space height=\u00bb26px\u00bb][vc_empty_space height=\u00bb22px\u00bb][vc_single_image image=\u00bb1137&#8243; img_size=\u00bb700&#215;400&#8243; alignment=\u00bbcenter\u00bb][vc_empty_space][vc_tta_accordion][vc_tta_section title=\u00bb+ INFO\u00bb tab_id=\u00bb1565204046204-28ff2d71-6c32&#8243;][vc_column_text]<\/p>\n<h4>Con nuestro tratamiento garantizamos durante mucho tiempo que el suelo desprenda polvo a sus instalaciones.<\/h4>\n<p>[\/vc_column_text][\/vc_tta_section][\/vc_tta_accordion][\/vc_column][vc_column width=\u00bb1\/2&#8243;][vc_custom_heading text=\u00bbPRODUCTO RESPETUOSO CON EL MEDIO AMBIENTE\u00bb font_container=\u00bbtag:h4|text_align:center\u00bb][vc_empty_space height=\u00bb26px\u00bb][vc_empty_space height=\u00bb26px\u00bb][vc_single_image image=\u00bb1138&#8243; img_size=\u00bb700&#215;400&#8243; alignment=\u00bbcenter\u00bb][vc_empty_space][vc_tta_accordion][vc_tta_section title=\u00bb+ INFO\u00bb tab_id=\u00bb1565204096304-1375e8cf-7cf9&#8243;][vc_column_text]<\/p>\n<h4>Todos los productos que utilizamos son respetuosos con el medio ambiente.<\/h4>\n<p>[\/vc_column_text][\/vc_tta_section][\/vc_tta_accordion][\/vc_column][\/vc_row][vc_row fullwidth=\u00bbyes\u00bb][vc_column][vc_custom_heading text=\u00bbNuestros Trabajos\u00bb font_container=\u00bbtag:h2|text_align:center\u00bb][vc_custom_heading text=\u00bbHORMIG\u00d3N.\u00bb font_container=\u00bbtag:h2|text_align:center\u00bb][vc_custom_heading text=\u00bbHORMIG\u00d3N. HARD FLOOR LITHIUM.\u00bb font_container=\u00bbtag:h3|text_align:center\u00bb][vc_empty_space][layerslider_vc id=\u00bb5&#8243;][vc_row_inner css=\u00bb.vc_custom_1570174386094{padding-top: 3% !important;}\u00bb][vc_column_inner][vc_btn title=\u00bbM\u00c1S INFORMACI\u00d3N\u00bb color=\u00bbprimary\u00bb align=\u00bbcenter\u00bb link=\u00bburl:https%3A%2F%2Fbrillosur.es%2Findex.php%2Fcontacto%2F|||\u00bb][\/vc_column_inner][\/vc_row_inner][\/vc_column][\/vc_row][vc_row css=\u00bb.vc_custom_1547224236392{background-color: #e5e5e5 !important;}\u00bb][vc_column width=\u00bb1\/2&#8243;][vc_custom_heading text=\u00bbCONTACTO\u00bb][vc_empty_space][vc_column_text]<i class=\"fa fa-map-marker color-theme\"><\/i>Poligono Ind. Custecilla de Castro. Avda. Pantano de los Hurones s\/n parcela 10., 11600 Ubrique, C\u00e1diz<\/p>\n<p><i class=\"fa fa-phone color-theme\"><\/i>956 46 62 34 \/ 656 992 330 \/ 659 788 806<\/p>\n<p><i class=\"fa fa-globe color-theme\"><\/i>www.brillosur.com<\/p>\n<p><i class=\"fa fa-envelope-o color-theme\"><\/i>comercial@brillosur.com[\/vc_column_text][vc_empty_space][vc_column_text]<\/p>\n<h5>Cont\u00e1ctenos tambi\u00e9n a trav\u00e9s de este formulario de contacto:<\/h5>\n<p>[\/vc_column_text][vc_empty_space]\n<div class=\"wpcf7 no-js\" id=\"wpcf7-f1021-o1\" lang=\"es-ES\" dir=\"ltr\" data-wpcf7-id=\"1021\">\n<div class=\"screen-reader-response\"><p role=\"status\" aria-live=\"polite\" aria-atomic=\"true\"><\/p> <ul><\/ul><\/div>\n<form action=\"\/index.php\/wp-json\/wp\/v2\/pages\/536#wpcf7-f1021-o1\" method=\"post\" class=\"wpcf7-form init\" aria-label=\"Formulario de contacto\" novalidate=\"novalidate\" data-status=\"init\">\n<fieldset class=\"hidden-fields-container\"><input type=\"hidden\" name=\"_wpcf7\" value=\"1021\" \/><input type=\"hidden\" name=\"_wpcf7_version\" value=\"6.1.5\" \/><input type=\"hidden\" name=\"_wpcf7_locale\" value=\"es_ES\" \/><input type=\"hidden\" name=\"_wpcf7_unit_tag\" value=\"wpcf7-f1021-o1\" \/><input type=\"hidden\" name=\"_wpcf7_container_post\" value=\"0\" \/><input type=\"hidden\" name=\"_wpcf7_posted_data_hash\" value=\"\" \/>\n<\/fieldset>\n<p><label> Tu nombre<br \/>\n<span class=\"wpcf7-form-control-wrap\" data-name=\"your-name\"><input size=\"40\" maxlength=\"400\" class=\"wpcf7-form-control wpcf7-text wpcf7-validates-as-required\" aria-required=\"true\" aria-invalid=\"false\" value=\"\" type=\"text\" name=\"your-name\" \/><\/span> <\/label>\n<\/p>\n<p><label> Tu correo electr\u00f3nico<br \/>\n<span class=\"wpcf7-form-control-wrap\" data-name=\"your-email\"><input size=\"40\" maxlength=\"400\" class=\"wpcf7-form-control wpcf7-email wpcf7-validates-as-required wpcf7-text wpcf7-validates-as-email\" aria-required=\"true\" aria-invalid=\"false\" value=\"\" type=\"email\" name=\"your-email\" \/><\/span> <\/label>\n<\/p>\n<p><label> Asunto<br \/>\n<span class=\"wpcf7-form-control-wrap\" data-name=\"your-subject\"><input size=\"40\" maxlength=\"400\" class=\"wpcf7-form-control wpcf7-text\" aria-invalid=\"false\" value=\"\" type=\"text\" name=\"your-subject\" \/><\/span> <\/label>\n<\/p>\n<p><label> Tu mensaje<br \/>\n<span class=\"wpcf7-form-control-wrap\" data-name=\"your-message\"><textarea cols=\"40\" rows=\"10\" maxlength=\"2000\" class=\"wpcf7-form-control wpcf7-textarea\" aria-invalid=\"false\" name=\"your-message\"><\/textarea><\/span> <\/label>\n<\/p>\n<p><input class=\"wpcf7-form-control wpcf7-submit has-spinner\" type=\"submit\" value=\"Enviar\" \/>\n<\/p><div class=\"wpcf7-response-output\" aria-hidden=\"true\"><\/div>\n<\/form>\n<\/div>\n[\/vc_column][vc_column width=\u00bb1\/2&#8243;][vc_empty_space height=\u00bb70px\u00bb][vc_empty_space height=\u00bb70px\u00bb][vc_gmaps link=\u00bb#E-8_JTNDaWZyYW1lJTIwc3JjJTNEJTIyaHR0cHMlM0ElMkYlMkZ3d3cuZ29vZ2xlLmNvbSUyRm1hcHMlMkZlbWJlZCUzRnBiJTNEJTIxMW0xOCUyMTFtMTIlMjExbTMlMjExZDMyMDAuNTk5MDIwMTg1MzA2JTIxMmQtNS40NTM2Mjk2ODQ1MDAzNzMlMjEzZDM2LjY2MDA5NTk3OTk3NzU4JTIxMm0zJTIxMWYwJTIxMmYwJTIxM2YwJTIxM20yJTIxMWkxMDI0JTIxMmk3NjglMjE0ZjEzLjElMjEzbTMlMjExbTIlMjExczB4ZDBkMTc3MjhlN2QzMmZmJTI1M0EweGZjNzhlN2U2YjY1MzhkNmUlMjEyc0JyaWxsb3N1ciUyQlNlcnZpY2lvcyUyQkRlJTJCTGltcGllemElMjE1ZTAlMjEzbTIlMjExc2VzJTIxMnNlcyUyMTR2MTU0NzIyNDExMjQ2NSUyMiUyMHdpZHRoJTNEJTIyNjAwJTIyJTIwaGVpZ2h0JTNEJTIyNDUwJTIyJTIwZnJhbWVib3JkZXIlM0QlMjIwJTIyJTIwc3R5bGUlM0QlMjJib3JkZXIlM0EwJTIyJTIwYWxsb3dmdWxsc2NyZWVuJTNFJTNDJTJGaWZyYW1lJTNF\u00bb][\/vc_column][\/vc_row]<\/p>\n","protected":false},"excerpt":{"rendered":"<p>[vc_row fullwidth=\u00bbyes\u00bb css=\u00bb.vc_custom_1477026057622{padding-top: 0px !important;padding-bottom: 0px !important;}\u00bb][vc_column][layerslider_vc id=\u00bb3&#8243;][\/vc_column][\/vc_row][vc_row][vc_column][vc_row_inner][vc_column_inner width=\u00bb2\/3&#8243;][vc_custom_heading text=\u00bbTRATAMIENTOS HARD FLOOR LITHIUM &#8211; SECTOR DE LIMPIEZA\u00bb font_container=\u00bbtag:h2|text_align:center\u00bb use_theme_fonts=\u00bbyes\u00bb css=\u00bb.vc_custom_1570174434280{margin-bottom: 25px !important;}\u00bb link=\u00bburl:https%3A%2F%2Fbrillosur.es%2Findex.php%2Ftratamientos-hard-floor-lithium%2F|||\u00bb][\/vc_column_inner][vc_column_inner width=\u00bb1\/3&#8243;][vc_btn title=\u00bb+ INFO\u00bb color=\u00bbdanger\u00bb link=\u00bburl:https%3A%2F%2Fbrillosur.es%2Findex.php%2Ftratamientos-hard-floor-lithium%2F|||\u00bb][\/vc_column_inner][\/vc_row_inner][vc_separator style=\u00bbdouble\u00bb][vc_empty_space][vc_column_text] Somos l\u00edderes en el sector de limpieza. Se trata de un proceso mec\u00e1nico y qu\u00edmico para la recuperaci\u00f3n de suelos de hormig\u00f3n por el que conseguimos [&hellip;]<\/p>\n","protected":false},"author":1,"featured_media":1118,"parent":0,"menu_order":0,"comment_status":"closed","ping_status":"closed","template":"page-templates\/template-canvas.php","meta":{"footnotes":""},"class_list":["post-536","page","type-page","status-publish","has-post-thumbnail","hentry"],"_links":{"self":[{"href":"https:\/\/brillosur.es\/index.php\/wp-json\/wp\/v2\/pages\/536","targetHints":{"allow":["GET"]}}],"collection":[{"href":"https:\/\/brillosur.es\/index.php\/wp-json\/wp\/v2\/pages"}],"about":[{"href":"https:\/\/brillosur.es\/index.php\/wp-json\/wp\/v2\/types\/page"}],"author":[{"embeddable":true,"href":"https:\/\/brillosur.es\/index.php\/wp-json\/wp\/v2\/users\/1"}],"replies":[{"embeddable":true,"href":"https:\/\/brillosur.es\/index.php\/wp-json\/wp\/v2\/comments?post=536"}],"version-history":[{"count":29,"href":"https:\/\/brillosur.es\/index.php\/wp-json\/wp\/v2\/pages\/536\/revisions"}],"predecessor-version":[{"id":1337,"href":"https:\/\/brillosur.es\/index.php\/wp-json\/wp\/v2\/pages\/536\/revisions\/1337"}],"wp:featuredmedia":[{"embeddable":true,"href":"https:\/\/brillosur.es\/index.php\/wp-json\/wp\/v2\/media\/1118"}],"wp:attachment":[{"href":"https:\/\/brillosur.es\/index.php\/wp-json\/wp\/v2\/media?parent=536"}],"curies":[{"name":"wp","href":"https:\/\/api.w.org\/{rel}","templated":true}]}}