{"id":78,"date":"2016-10-04T09:56:39","date_gmt":"2016-10-04T09:56:39","guid":{"rendered":"http:\/\/localhost\/dotted\/?page_id=78"},"modified":"2019-10-04T07:45:06","modified_gmt":"2019-10-04T07:45:06","slug":"contacto-brillosur-servicios-de-limpieza-sl-en-cadiz","status":"publish","type":"page","link":"https:\/\/brillosur.es\/index.php\/contacto-brillosur-servicios-de-limpieza-sl-en-cadiz\/","title":{"rendered":"CONTACTO Brillosur Servicios de Limpieza SL en C\u00e1diz"},"content":{"rendered":"<p>[vc_row css=\u00bb.vc_custom_1475575971023{padding-top: 70px !important;padding-bottom: 70px !important;}\u00bb][vc_column offset=\u00bbvc_col-md-3&#8243;][vc_custom_heading text=\u00bbSobre Brillosur\u00bb font_container=\u00bbtag:h3|text_align:left\u00bb use_theme_fonts=\u00bbyes\u00bb css=\u00bb.vc_custom_1547029290708{margin-bottom: 30px !important;}\u00bb][vc_column_text css=\u00bb.vc_custom_1547029377422{margin-bottom: 30px !important;}\u00bb]Somos una empresa de limpieza y tratamiento de Litio<\/p>\n<div class=\"address-info\">\n<p><i class=\"fa fa-map-marker color-theme\"><\/i>Poligono Ind. Custecilla de Castro. Avda. Pantano de los Hurones s\/n parcela 10., 11600 Ubrique, C\u00e1diz<\/p>\n<p><i class=\"fa fa-phone color-theme\"><\/i>956 46 62 34 \/ 656 992 330 \/ 659 788 806<\/p>\n<p><i class=\"fa fa-globe color-theme\"><\/i>www.brillosur.com<\/p>\n<p><i class=\"fa fa-envelope-o color-theme\"><\/i>comercial@brillosur.com<\/p>\n<\/div>\n<p>[\/vc_column_text][vc_empty_space][vc_custom_heading text=\u00bbRellene este formulario para contactar con nosotros\u00bb font_container=\u00bbtag:h3|text_align:left\u00bb use_theme_fonts=\u00bbyes\u00bb css=\u00bb.vc_custom_1547029430396{margin-bottom: 30px !important;}\u00bb]\n<div class=\"wpcf7 no-js\" id=\"wpcf7-f1021-o1\" lang=\"es-ES\" dir=\"ltr\" data-wpcf7-id=\"1021\">\n<div class=\"screen-reader-response\"><p role=\"status\" aria-live=\"polite\" aria-atomic=\"true\"><\/p> <ul><\/ul><\/div>\n<form action=\"\/index.php\/wp-json\/wp\/v2\/pages\/78#wpcf7-f1021-o1\" method=\"post\" class=\"wpcf7-form init\" aria-label=\"Formulario de contacto\" novalidate=\"novalidate\" data-status=\"init\">\n<fieldset class=\"hidden-fields-container\"><input type=\"hidden\" name=\"_wpcf7\" value=\"1021\" \/><input type=\"hidden\" name=\"_wpcf7_version\" value=\"6.1.5\" \/><input type=\"hidden\" name=\"_wpcf7_locale\" value=\"es_ES\" \/><input type=\"hidden\" name=\"_wpcf7_unit_tag\" value=\"wpcf7-f1021-o1\" \/><input type=\"hidden\" name=\"_wpcf7_container_post\" value=\"0\" \/><input type=\"hidden\" name=\"_wpcf7_posted_data_hash\" value=\"\" \/>\n<\/fieldset>\n<p><label> Tu nombre<br \/>\n<span class=\"wpcf7-form-control-wrap\" data-name=\"your-name\"><input size=\"40\" maxlength=\"400\" class=\"wpcf7-form-control wpcf7-text wpcf7-validates-as-required\" aria-required=\"true\" aria-invalid=\"false\" value=\"\" type=\"text\" name=\"your-name\" \/><\/span> <\/label>\n<\/p>\n<p><label> Tu correo electr\u00f3nico<br \/>\n<span class=\"wpcf7-form-control-wrap\" data-name=\"your-email\"><input size=\"40\" maxlength=\"400\" class=\"wpcf7-form-control wpcf7-email wpcf7-validates-as-required wpcf7-text wpcf7-validates-as-email\" aria-required=\"true\" aria-invalid=\"false\" value=\"\" type=\"email\" name=\"your-email\" \/><\/span> <\/label>\n<\/p>\n<p><label> Asunto<br \/>\n<span class=\"wpcf7-form-control-wrap\" data-name=\"your-subject\"><input size=\"40\" maxlength=\"400\" class=\"wpcf7-form-control wpcf7-text\" aria-invalid=\"false\" value=\"\" type=\"text\" name=\"your-subject\" \/><\/span> <\/label>\n<\/p>\n<p><label> Tu mensaje<br \/>\n<span class=\"wpcf7-form-control-wrap\" data-name=\"your-message\"><textarea cols=\"40\" rows=\"10\" maxlength=\"2000\" class=\"wpcf7-form-control wpcf7-textarea\" aria-invalid=\"false\" name=\"your-message\"><\/textarea><\/span> <\/label>\n<\/p>\n<p><input class=\"wpcf7-form-control wpcf7-submit has-spinner\" type=\"submit\" value=\"Enviar\" \/>\n<\/p><div class=\"wpcf7-response-output\" aria-hidden=\"true\"><\/div>\n<\/form>\n<\/div>\n[\/vc_column][vc_column offset=\u00bbvc_col-md-9&#8243;][vc_custom_heading text=\u00bbEncu\u00e9ntranos en Ubrique (C\u00e1diz) &#8211; ESPA\u00d1A\u00bb font_container=\u00bbtag:h3|text_align:left\u00bb use_theme_fonts=\u00bbyes\u00bb css=\u00bb.vc_custom_1547029277511{margin-bottom: 30px !important;}\u00bb][vc_gmaps link=\u00bb#E-8_JTNDaWZyYW1lJTIwc3JjJTNEJTIyaHR0cHMlM0ElMkYlMkZ3d3cuZ29vZ2xlLmNvbSUyRm1hcHMlMkZlbWJlZCUzRnBiJTNEJTIxMW0xOCUyMTFtMTIlMjExbTMlMjExZDMyMDAuNTk4ODQxMjY3MTQ4NiUyMTJkLTUuNDUzNjI5Njg0NTExNTg2JTIxM2QzNi42NjAxMDAyODMyNzI2OCUyMTJtMyUyMTFmMCUyMTJmMCUyMTNmMCUyMTNtMiUyMTFpMTAyNCUyMTJpNzY4JTIxNGYxMy4xJTIxM20zJTIxMW0yJTIxMXMweGQwZDE3NzI4ZTdkMzJmZiUyNTNBMHhmYzc4ZTdlNmI2NTM4ZDZlJTIxMnNCcmlsbG9zdXIlMkJTZXJ2aWNpb3MlMkJEZSUyQkxpbXBpZXphJTIxNWUwJTIxM20yJTIxMXNlcyUyMTJzZXMlMjE0djE1NDcwMjkyNDc4MjIlMjIlMjB3aWR0aCUzRCUyMjYwMCUyMiUyMGhlaWdodCUzRCUyMjQ1MCUyMiUyMGZyYW1lYm9yZGVyJTNEJTIyMCUyMiUyMHN0eWxlJTNEJTIyYm9yZGVyJTNBMCUyMiUyMGFsbG93ZnVsbHNjcmVlbiUzRSUzQyUyRmlmcmFtZSUzRQ==\u00bb css=\u00bb.vc_custom_1547029257258{margin-bottom: 30px !important;}\u00bb][vc_empty_space][vc_row_inner][vc_column_inner width=\u00bb1\/3&#8243;][\/vc_column_inner][vc_column_inner width=\u00bb1\/3&#8243;][vc_single_image image=\u00bb1321&#8243; img_size=\u00bbfull\u00bb alignment=\u00bbcenter\u00bb onclick=\u00bbcustom_link\u00bb img_link_target=\u00bb_blank\u00bb link=\u00bbhttps:\/\/api.whatsapp.com\/send?phone=34656992330&#8243;][\/vc_column_inner][vc_column_inner width=\u00bb1\/3&#8243;][\/vc_column_inner][\/vc_row_inner][\/vc_column][\/vc_row]<\/p>\n","protected":false},"excerpt":{"rendered":"<p>[vc_row css=\u00bb.vc_custom_1475575971023{padding-top: 70px !important;padding-bottom: 70px !important;}\u00bb][vc_column offset=\u00bbvc_col-md-3&#8243;][vc_custom_heading text=\u00bbSobre Brillosur\u00bb font_container=\u00bbtag:h3|text_align:left\u00bb use_theme_fonts=\u00bbyes\u00bb css=\u00bb.vc_custom_1547029290708{margin-bottom: 30px !important;}\u00bb][vc_column_text css=\u00bb.vc_custom_1547029377422{margin-bottom: 30px !important;}\u00bb]Somos una empresa de limpieza y tratamiento de Litio Poligono Ind. Custecilla de Castro. Avda. Pantano de los Hurones s\/n parcela 10., 11600 Ubrique, C\u00e1diz 956 46 62 34 \/ 656 992 330 \/ 659 788 806 www.brillosur.com comercial@brillosur.com [&hellip;]<\/p>\n","protected":false},"author":1,"featured_media":0,"parent":0,"menu_order":0,"comment_status":"closed","ping_status":"closed","template":"page-templates\/template-fullwidth.php","meta":{"footnotes":""},"class_list":["post-78","page","type-page","status-publish","hentry"],"_links":{"self":[{"href":"https:\/\/brillosur.es\/index.php\/wp-json\/wp\/v2\/pages\/78","targetHints":{"allow":["GET"]}}],"collection":[{"href":"https:\/\/brillosur.es\/index.php\/wp-json\/wp\/v2\/pages"}],"about":[{"href":"https:\/\/brillosur.es\/index.php\/wp-json\/wp\/v2\/types\/page"}],"author":[{"embeddable":true,"href":"https:\/\/brillosur.es\/index.php\/wp-json\/wp\/v2\/users\/1"}],"replies":[{"embeddable":true,"href":"https:\/\/brillosur.es\/index.php\/wp-json\/wp\/v2\/comments?post=78"}],"version-history":[{"count":9,"href":"https:\/\/brillosur.es\/index.php\/wp-json\/wp\/v2\/pages\/78\/revisions"}],"predecessor-version":[{"id":1336,"href":"https:\/\/brillosur.es\/index.php\/wp-json\/wp\/v2\/pages\/78\/revisions\/1336"}],"wp:attachment":[{"href":"https:\/\/brillosur.es\/index.php\/wp-json\/wp\/v2\/media?parent=78"}],"curies":[{"name":"wp","href":"https:\/\/api.w.org\/{rel}","templated":true}]}}